{"id":20,"date":"2015-09-08T21:19:38","date_gmt":"2015-09-08T21:19:38","guid":{"rendered":"http:\/\/test.xn--kinderfrderverein-reitmehring-m5c.de\/?page_id=20"},"modified":"2025-11-07T14:15:47","modified_gmt":"2025-11-07T14:15:47","slug":"aktivitaeten","status":"publish","type":"page","link":"https:\/\/www.kinderf\u00f6rderverein-reitmehring.de\/?page_id=20","title":{"rendered":"Aktivit\u00e4ten"},"content":{"rendered":"<p><span style=\"color: #000000;\"><strong>Regelm\u00e4ssige Aktivit\u00e4ten des Vereins<\/strong><\/span><\/p>\n<p><span style=\"color: #000000;\"><strong><u>Spielegruppe<\/u>:<\/strong><\/span><br \/>\n<span style=\"color: #000000;\"> um mit unseren Kleinen zu Singen, Basteln, Spielen und allem was uns Spa\u00df macht, <\/span><span style=\"color: #ff0000;\"><strong><span style=\"color: #ff0000;\">suchen wir ab sofort eine Gruppenleiter\/in.\u00a0<\/span><span style=\"color: #ff0000;\">Bei Interesse und f\u00fcr weitere Infos:\u00a0Christine Heilemann, Tel: 0172\/8240179<\/span><br \/>\n<\/strong><\/span><span style=\"color: #000000;\"><strong><u>Wann:<\/u><\/strong> <span style=\"color: #ff0000;\">derzeit keine Termine<\/span><\/span><br \/>\n<span style=\"color: #000000;\"><strong><u>Ort<\/u><\/strong>: Kindertagesst\u00e4tte Reitmehring\u00a0<\/span><br \/>\n<span style=\"color: #000000;\"> <strong><u>Alter:<\/u> <\/strong>f\u00fcr Kinder ab dem Krabbelalter bis zum Eintritt in den Kindergarten<\/span><br \/>\n<span style=\"color: #000000;\"><strong><u>Voraussetzungen: <\/u><\/strong>Begleitung eines Erziehungsberechtigten, Mitgliedschaft beim Kinder- und Jugendf\u00f6rderverein\u00a0<\/span><br \/>\n<span style=\"color: #000000;\"> <strong><u>Kosten:<\/u><\/strong>\u00a0Der Kinder- und Jugendf\u00f6rderverein unterst\u00fctzt diese Spielegruppe finanziell. Es sind lediglich der Mitgliedschaftsbeitrag (15,&#8211; \u20ac\/j\u00e4hrlich) sowie eine kleine Unkostenpauschale f\u00fcr Bastelmaterial zu begleichen.<\/span><br \/>\n<span style=\"color: #000000;\"><strong><u>Weitere Infos und Anmeldung:<\/u><\/strong>\u00a0Christine Heilemann, Tel: 0172\/8240179<\/span><\/p>\n<p><span style=\"color: #000000;\"><strong><u>Eltern-Kind-Turnen:<br \/>\n<\/u><\/strong>um mit unseren Kleinen zu klettern, springen, tanzen, spielen und allem was uns Spa\u00df macht.<\/span><span style=\"color: #000000;\"><br \/>\n<strong><u>Wann:<\/u><\/strong>\u00a0Ab 13.10.2020 jeden Dienstag 15:30 bis 17:00Uhr<br \/>\n<strong><u>Alter:<\/u>\u00a0<\/strong> F\u00fcr Kinder zwischen 3 und 6\u00a0 Jahren<br \/>\n<strong><u>Ort:<\/u> <\/strong>Schulturnhalle Grundschule Reitmehring,<\/span><br \/>\n<span style=\"color: #000000;\"> <strong><u>Voraussetzungen: <\/u><\/strong>Begleitung eines Erziehungsberechtigten, Mitgliedschaft beim Kinder- und Jugendf\u00f6rderverein<\/span><br \/>\n<span style=\"color: #000000;\"> <strong><u>Infos und Anmeldung bei<\/u>:<\/strong> Karina und Alex Bichler, Tel 0176\/20526321<br \/>\n<\/span><\/p>\n<p><span style=\"color: #000000;\"><strong><u>\u00dc40 Gymnastik: <\/u><\/strong><\/span><br \/>\n<span style=\"color: #000000;\"><strong><u>Wann:<\/u><\/strong> jeden Dienstag 17.30 bis 18.30 Uhr<\/span><br \/>\n<span style=\"color: #000000;\"><strong><u>Ort:<\/u><\/strong>\u00a0Schulturnhalle Reitmehring,<\/span><br \/>\n<span style=\"color: #000000;\"><strong><u>Kosten:<\/u><\/strong>\u00a0Unkostenbeitrag: 2,50 \u20ac<\/span><br \/>\n<span style=\"color: #000000;\"><strong><u>Infos und Anmeldung bei<\/u>:<\/strong>\u00a0Gitti Lerch, Tel: 08071\/914722<\/span><\/p>\n<p><span style=\"color: #000000;\"><strong><u>Step-Aerobic f\u00fcr Jugendliche und Erwachsene: <\/u><\/strong><br \/>\n<strong><u>Wann:<\/u><\/strong>\u00a0jeden Mittwoch 19.00 bis 20.10 Uhr<br \/>\n<strong><u>Ort:<\/u><\/strong>\u00a0Schulturnhalle Reitmehring,<br \/>\n<strong><u>Kosten:<\/u><\/strong>\u00a0Unkostenbeitrag: 2,50 \u20ac<\/span><br \/>\n<span style=\"color: #000000;\"><strong><u>Infos und Anmeldung bei<\/u>:<\/strong>\u00a0Gitti Lerch, Tel: 08071\/914722<\/span><\/p>\n<p><span style=\"color: #000000;\"><strong><u>Fl\u00f6tenunterricht:<\/u><\/strong><br \/>\nF\u00fcr Kinder ab 5 Jahren, Termin nach Absprache<\/span><br \/>\n<span style=\"color: #000000;\"><strong><u>Infos und Anmeldung bei<\/u>:<\/strong> Ingrid Sihon, Tel: 08071\/922647<\/span><\/p>\n<p><span style=\"color: #000000;\"><strong><u>Babysitterdienst:<\/u><\/strong><\/span><br \/>\n<span style=\"color: #000000;\"> Unser Babysitterdienst besteht aus 13 bis 19-j\u00e4hrigen, zuverl\u00e4ssigen M\u00e4dchen, die einen extra Kurs besuchten. Sie versorgen gerne Ihre Kinder w\u00e4hrend Ihrer Abwesenheit oder bereichern Kindergeburtstagsfeiern durch ideenreiche unterhaltsame Spiele.<\/span><br \/>\n<span style=\"color: #000000;\"><strong><u>Infos und Anmeldung bei<\/u>:<\/strong> Ingrid Sihon, Tel: 08071\/922647<br \/>\n<\/span><br \/>\n<span style=\"color: #000000;\"> <strong><u>Nikolausservice:<\/u><\/strong><\/span><br \/>\n<span style=\"color: #000000;\"> Der Kinder- und Jugendf\u00f6rderverein bietet auch dieses Jahr einen Nikolausservice an.<\/span><br \/>\n<span style=\"color: #000000;\"> Unser Nikolaus kommt im traditionellen hochwertigen Bischofskost\u00fcm und wird je nach Wunsch von einem Engerl oder Kramperl begleitet.<\/span><br \/>\n<span style=\"color: #000000;\"> Bei Interesse und f\u00fcr alle weiteren Informationen melden Sie sich einfach bei <strong>Eugen Mayer, Tel. 0151-16105199.<\/strong><\/span><br \/>\n<span style=\"color: #000000;\"> Der Erl\u00f6s unseres Nikolauses wird zu\u00a0 100% an einen sozialen Zweck gespendet! (dieses Jahr: ANTENNE BAYERN hilft)<strong><br \/>\n<\/strong><\/span><\/p>\n<p><span style=\"color: #000000;\"><u><span style=\"color: #000000;\">Programm\u00e4nderungen finden Sie hier auf d<\/span>er Seite oder entnehmen Sie bitte der Tagespresse.<\/u><\/span><\/p>\n","protected":false},"excerpt":{"rendered":"<p>Regelm\u00e4ssige Aktivit\u00e4ten des Vereins Spielegruppe: um mit unseren Kleinen zu Singen, Basteln, Spielen und allem was uns Spa\u00df macht, suchen wir ab sofort eine Gruppenleiter\/in.\u00a0Bei Interesse und f\u00fcr weitere Infos:\u00a0Christine Heilemann, Tel: 0172\/8240179 Wann: derzeit keine Termine Ort: Kindertagesst\u00e4tte Reitmehring\u00a0 Alter: f\u00fcr Kinder ab dem Krabbelalter bis zum Eintritt in den Kindergarten Voraussetzungen: Begleitung eines [&hellip;]<\/p>\n","protected":false},"author":1,"featured_media":0,"parent":0,"menu_order":0,"comment_status":"closed","ping_status":"closed","template":"","meta":[],"_links":{"self":[{"href":"https:\/\/www.kinderf\u00f6rderverein-reitmehring.de\/index.php?rest_route=\/wp\/v2\/pages\/20"}],"collection":[{"href":"https:\/\/www.kinderf\u00f6rderverein-reitmehring.de\/index.php?rest_route=\/wp\/v2\/pages"}],"about":[{"href":"https:\/\/www.kinderf\u00f6rderverein-reitmehring.de\/index.php?rest_route=\/wp\/v2\/types\/page"}],"author":[{"embeddable":true,"href":"https:\/\/www.kinderf\u00f6rderverein-reitmehring.de\/index.php?rest_route=\/wp\/v2\/users\/1"}],"replies":[{"embeddable":true,"href":"https:\/\/www.kinderf\u00f6rderverein-reitmehring.de\/index.php?rest_route=%2Fwp%2Fv2%2Fcomments&post=20"}],"version-history":[{"count":53,"href":"https:\/\/www.kinderf\u00f6rderverein-reitmehring.de\/index.php?rest_route=\/wp\/v2\/pages\/20\/revisions"}],"predecessor-version":[{"id":759,"href":"https:\/\/www.kinderf\u00f6rderverein-reitmehring.de\/index.php?rest_route=\/wp\/v2\/pages\/20\/revisions\/759"}],"wp:attachment":[{"href":"https:\/\/www.kinderf\u00f6rderverein-reitmehring.de\/index.php?rest_route=%2Fwp%2Fv2%2Fmedia&parent=20"}],"curies":[{"name":"wp","href":"https:\/\/api.w.org\/{rel}","templated":true}]}}