{"id":233,"date":"2016-04-29T12:55:58","date_gmt":"2016-04-29T12:55:58","guid":{"rendered":"http:\/\/www.kinderf\u00f6rderverein-reitmehring.de\/?page_id=233"},"modified":"2016-04-29T14:21:40","modified_gmt":"2016-04-29T14:21:40","slug":"mitgliedsdaten-aendern","status":"publish","type":"page","link":"https:\/\/www.kinderf\u00f6rderverein-reitmehring.de\/?page_id=233","title":{"rendered":"Mitgliedsdaten \u00e4ndern"},"content":{"rendered":"<p style=\"text-align: center;\">Hier k\u00f6nnen Sie schnell und unkompliziert alle Ihre pers\u00f6nlichen Daten aktualisieren lassen.<br \/>\nF\u00fcllen Sie dazu bitte einfach nur die Pflichtfelder sowie zus\u00e4tzlich die Felder aus, bei denen sich etwas ge\u00e4ndert hat.<br \/>\nVerklickt? <a href=\"http:\/\/www.kinderf\u00f6rderverein-reitmehring.de\">Hier gehts zur\u00fcck<\/a><br \/>\n<div id=\"vfb-form-1\" class=\"visual-form-builder-container\"><form id=\"memberdata-1\" class=\"visual-form-builder vfb-form-1 \" method=\"post\" enctype=\"multipart\/form-data\">\n\t  \t<input type=\"hidden\" name=\"form_id\" value=\"1\" \/><fieldset class=\"vfb-fieldset vfb-fieldset-1 meine-daten-aendern \" id=\"item-vfb-1\"><div class=\"vfb-legend\"><h3>Meine Daten \u00e4ndern:<\/h3><\/div><ul class=\"vfb-section vfb-section-1\"><div id=\"item-vfb-15\" class=\"vfb-section-div \"><h4>Folgende Felder bitte immer ausf\u00fcllen:<\/h4><li class=\"vfb-item vfb-item-text   vfb-left-half\" id=\"item-vfb-6\"><label for=\"vfb-6\" class=\"vfb-desc\">Vorname  <span class=\"vfb-required-asterisk\">*<\/span><\/label><input type=\"text\" name=\"vfb-6\" id=\"vfb-6\" value=\"\" class=\"vfb-text  vfb-medium  required  \" \/><\/li><li class=\"vfb-item vfb-item-text   vfb-right-half\" id=\"item-vfb-7\"><label for=\"vfb-7\" class=\"vfb-desc\">Nachname  <span class=\"vfb-required-asterisk\">*<\/span><\/label><input type=\"text\" name=\"vfb-7\" id=\"vfb-7\" value=\"\" class=\"vfb-text  vfb-medium  required  \" \/><\/li><li class=\"vfb-item vfb-item-email  \" id=\"item-vfb-8\"><label for=\"vfb-8\" class=\"vfb-desc\">Email  <span class=\"vfb-required-asterisk\">*<\/span><\/label><input type=\"email\" name=\"vfb-8\" id=\"vfb-8\" value=\"\" class=\"vfb-text  vfb-medium  required  email \" \/><\/li><\/div><div class=\"vfb-clear\"><\/div><div id=\"item-vfb-5\" class=\"vfb-section-div \"><h4>Hier nur neue\/ge\u00e4nderte Daten eingeben :<\/h4><li class=\"vfb-item vfb-item-text  \" id=\"item-vfb-21\"><label for=\"vfb-21\" class=\"vfb-desc\">Neuer Nachname <\/label><span class=\"vfb-span\"><input type=\"text\" name=\"vfb-21\" id=\"vfb-21\" value=\"\" class=\"vfb-text  vfb-medium   \" \/><label>Hat sich der Familienname ge\u00e4ndert?<\/label><\/span><\/li><li class=\"vfb-item vfb-item-text  \" id=\"item-vfb-22\"><label for=\"vfb-22\" class=\"vfb-desc\">Neuer Vorname <\/label><span class=\"vfb-span\"><input type=\"text\" name=\"vfb-22\" id=\"vfb-22\" value=\"\" class=\"vfb-text  vfb-medium   \" \/><label>Hat sich der Vorname ge\u00e4ndert? (Warum auch immer.)<\/label><\/span><\/li><li class=\"vfb-item vfb-item-text  \" id=\"item-vfb-23\"><label for=\"vfb-23\" class=\"vfb-desc\">Neue Strasse <\/label><span class=\"vfb-span\"><input type=\"text\" name=\"vfb-23\" id=\"vfb-23\" value=\"\" class=\"vfb-text  vfb-medium   \" \/><label>Hat sich die Strasse ge\u00e4ndert?<\/label><\/span><\/li><li class=\"vfb-item vfb-item-text   vfb-left-third\" id=\"item-vfb-18\"><label for=\"vfb-18\" class=\"vfb-desc\">Neue Postleitzahl <\/label><span class=\"vfb-span\"><input type=\"text\" name=\"vfb-18\" id=\"vfb-18\" value=\"\" class=\"vfb-text  vfb-medium   \" \/><label>Hat sich die PLZ ge\u00e4ndert?<\/label><\/span><\/li><li class=\"vfb-item vfb-item-text  \" id=\"item-vfb-24\"><label for=\"vfb-24\" class=\"vfb-desc\">Neuer Ort <\/label><span class=\"vfb-span\"><input type=\"text\" name=\"vfb-24\" id=\"vfb-24\" value=\"\" class=\"vfb-text  vfb-medium   \" \/><label>Hat sich der Wohnort ge\u00e4ndert?<\/label><\/span><\/li><li class=\"vfb-item vfb-item-phone  \" id=\"item-vfb-10\"><label for=\"vfb-10\" class=\"vfb-desc\">Neue Telefonnummer <\/label><span class=\"vfb-span\"><input type=\"tel\" name=\"vfb-10\" id=\"vfb-10\" value=\"\" class=\"vfb-text  vfb-medium   phone \" \/><label>Hat sich die Telefon- oder Mobilnummer ge\u00e4ndert?<\/label><\/span><\/li><li class=\"vfb-item vfb-item-email  \" id=\"item-vfb-11\"><label for=\"vfb-11\" class=\"vfb-desc\">Neue Email <\/label><span class=\"vfb-span\"><input type=\"email\" name=\"vfb-11\" id=\"vfb-11\" value=\"\" class=\"vfb-text  vfb-medium   email \" \/><label>Hat sich die Email ge\u00e4ndert?<\/label><\/span><\/li><li class=\"vfb-item vfb-item-text  \" id=\"item-vfb-17\"><label for=\"vfb-17\" class=\"vfb-desc\">Neue IBAN <\/label><span class=\"vfb-span\"><input type=\"text\" name=\"vfb-17\" id=\"vfb-17\" value=\"\" class=\"vfb-text  vfb-medium   \" \/><label>Hat sich die Bankverbindung (IBAN) ge\u00e4ndert?<\/label><\/span><\/li><li class=\"vfb-item vfb-item-checkbox  \" id=\"item-vfb-20\"><label class=\"vfb-desc\">Newsletter <\/label><div><span><label>Newslettereinstellungen \u00e4ndern?<\/label><\/span><span class=\"vfb-span\"><input type=\"checkbox\" name=\"vfb-20[]\" id=\"vfb-20-0\" value=\"keine \u00c4nderung\" class=\"vfb-checkbox  \" checked='checked' \/><label for=\"vfb-20-0\" class=\"vfb-choice\">keine \u00c4nderung<\/label><\/span><span class=\"vfb-span\"><input type=\"checkbox\" name=\"vfb-20[]\" id=\"vfb-20-1\" value=\"bestellen\" class=\"vfb-checkbox  \" \/><label for=\"vfb-20-1\" class=\"vfb-choice\">bestellen<\/label><\/span><span class=\"vfb-span\"><input type=\"checkbox\" name=\"vfb-20[]\" id=\"vfb-20-2\" value=\"abbestellen\" class=\"vfb-checkbox  \" \/><label for=\"vfb-20-2\" class=\"vfb-choice\">abbestellen<\/label><\/span><div style=\"clear:both\"><\/div><\/div><\/li><\/div><div class=\"vfb-clear\"><\/div><\/ul>&nbsp;<\/fieldset><fieldset class=\"vfb-fieldset vfb-fieldset-2 verifikation \" id=\"item-vfb-2\" style=\"display:block\"><div class=\"vfb-legend\"><h3>Verifikation<\/h3><\/div><ul class=\"vfb-section vfb-section-2\"><li class=\"vfb-item vfb-item-secret\"  style=\"display:block\"><label for=\"vfb-3\" class=\"vfb-desc\">Geben Sie bitte zwei beliebige Ziffern ein. <span class=\"vfb-required-asterisk\">*<\/span><\/label><input type=\"hidden\" name=\"_vfb-secret\" value=\"vfb-3\" \/><span class=\"vfb-span\"><input type=\"text\" name=\"vfb-3\" id=\"vfb-3\" value=\"\" class=\"vfb-text  vfb-medium  required {digits:true,maxlength:2,minlength:2} \" style=\"display:block\" \/><label>Beispiel: 12 \r\n(So k\u00f6nnen wir Spam vermeiden)<\/label><\/span><li style=\"display:none;\"><label>This box is for spam protection - &lt;strong&gt;please leave it blank&lt;\/strong&gt;:<\/label><div><input name=\"vfb-spam\" \/><\/div><\/li>\n\t\t\t<li class=\"vfb-item vfb-item-submit\" id=\"item-vfb-4\">\n\t\t\t\t<input type=\"submit\" name=\"vfb-submit\" id=\"vfb-4\" value=\"Daten \u00c4ndern (Abschicken)\" class=\"vfb-submit \" \/>\n\t\t\t\t<\/li><\/ul>\n\t\t\t<\/fieldset><input type=\"hidden\" name=\"_wp_http_referer\" value=\"\/index.php?rest_route=%2Fwp%2Fv2%2Fpages%2F233\" \/><\/form><\/div> <!-- .visual-form-builder-container -->\n","protected":false},"excerpt":{"rendered":"<p>Hier k\u00f6nnen Sie schnell und unkompliziert alle Ihre pers\u00f6nlichen Daten aktualisieren lassen. F\u00fcllen Sie dazu bitte einfach nur die Pflichtfelder sowie zus\u00e4tzlich die Felder aus, bei denen sich etwas ge\u00e4ndert hat. Verklickt? Hier gehts zur\u00fcck<\/p>\n","protected":false},"author":1,"featured_media":0,"parent":0,"menu_order":0,"comment_status":"closed","ping_status":"closed","template":"","meta":[],"_links":{"self":[{"href":"https:\/\/www.kinderf\u00f6rderverein-reitmehring.de\/index.php?rest_route=\/wp\/v2\/pages\/233"}],"collection":[{"href":"https:\/\/www.kinderf\u00f6rderverein-reitmehring.de\/index.php?rest_route=\/wp\/v2\/pages"}],"about":[{"href":"https:\/\/www.kinderf\u00f6rderverein-reitmehring.de\/index.php?rest_route=\/wp\/v2\/types\/page"}],"author":[{"embeddable":true,"href":"https:\/\/www.kinderf\u00f6rderverein-reitmehring.de\/index.php?rest_route=\/wp\/v2\/users\/1"}],"replies":[{"embeddable":true,"href":"https:\/\/www.kinderf\u00f6rderverein-reitmehring.de\/index.php?rest_route=%2Fwp%2Fv2%2Fcomments&post=233"}],"version-history":[{"count":7,"href":"https:\/\/www.kinderf\u00f6rderverein-reitmehring.de\/index.php?rest_route=\/wp\/v2\/pages\/233\/revisions"}],"predecessor-version":[{"id":243,"href":"https:\/\/www.kinderf\u00f6rderverein-reitmehring.de\/index.php?rest_route=\/wp\/v2\/pages\/233\/revisions\/243"}],"wp:attachment":[{"href":"https:\/\/www.kinderf\u00f6rderverein-reitmehring.de\/index.php?rest_route=%2Fwp%2Fv2%2Fmedia&parent=233"}],"curies":[{"name":"wp","href":"https:\/\/api.w.org\/{rel}","templated":true}]}}