{"id":24,"date":"2015-09-08T21:20:28","date_gmt":"2015-09-08T21:20:28","guid":{"rendered":"http:\/\/test.xn--kinderfrderverein-reitmehring-m5c.de\/?page_id=24"},"modified":"2023-12-13T21:04:46","modified_gmt":"2023-12-13T21:04:46","slug":"events","status":"publish","type":"page","link":"https:\/\/www.kinderf\u00f6rderverein-reitmehring.de\/?page_id=24","title":{"rendered":"Kalender"},"content":{"rendered":"<p><strong>Hier findet Ihr unsere ausserplanm\u00e4\u00dfigen Veranstaltungen.<br \/>\n<\/strong>Kalender wurde zuletzt aktualisiert am: 15. M\u00e4rz 2026 - 13:12<strong><br \/>\n<\/strong><\/p>\n\n\t\t\t\t<div class=\"event-list\">\n\t\t\t\t<style type=\"text\/css\">\n\t\t\t\t\t.filterbar { display:table; width:100% }\n\t\t\t\t\t.filterbar > div { display:table-cell }\n\t\t\t\t<\/style>\n\t\t\t\t<!--[if lte IE 7]>\n\t\t\t\t<style>.filterbar > div { float:left }<\/style>\n\t\t\t\t<![endif]-->\n\t\t\t\t<div class=\"filterbar subsubsub\">\n\t\t\t\t\t<div style=\"text-align:left\"><ul class=\"hlist\"><li><a href=\"https:\/\/www.kinderf\u00f6rderverein-reitmehring.de\/?page_id=24&#038;rest_route=%2Fwp%2Fv2%2Fpages%2F24&#038;date1=all\">Alle<\/a><\/li><li><strong>Anstehend<\/strong><\/li><li><a href=\"https:\/\/www.kinderf\u00f6rderverein-reitmehring.de\/?page_id=24&#038;rest_route=%2Fwp%2Fv2%2Fpages%2F24&#038;date1=2015\">2015<\/a><\/li><li><a href=\"https:\/\/www.kinderf\u00f6rderverein-reitmehring.de\/?page_id=24&#038;rest_route=%2Fwp%2Fv2%2Fpages%2F24&#038;date1=2016\">2016<\/a><\/li><li><a href=\"https:\/\/www.kinderf\u00f6rderverein-reitmehring.de\/?page_id=24&#038;rest_route=%2Fwp%2Fv2%2Fpages%2F24&#038;date1=2017\">2017<\/a><\/li><li><a href=\"https:\/\/www.kinderf\u00f6rderverein-reitmehring.de\/?page_id=24&#038;rest_route=%2Fwp%2Fv2%2Fpages%2F24&#038;date1=2018\">2018<\/a><\/li><li><a href=\"https:\/\/www.kinderf\u00f6rderverein-reitmehring.de\/?page_id=24&#038;rest_route=%2Fwp%2Fv2%2Fpages%2F24&#038;date1=2019\">2019<\/a><\/li><li><a href=\"https:\/\/www.kinderf\u00f6rderverein-reitmehring.de\/?page_id=24&#038;rest_route=%2Fwp%2Fv2%2Fpages%2F24&#038;date1=2020\">2020<\/a><\/li><li><a href=\"https:\/\/www.kinderf\u00f6rderverein-reitmehring.de\/?page_id=24&#038;rest_route=%2Fwp%2Fv2%2Fpages%2F24&#038;date1=2021\">2021<\/a><\/li><li><a href=\"https:\/\/www.kinderf\u00f6rderverein-reitmehring.de\/?page_id=24&#038;rest_route=%2Fwp%2Fv2%2Fpages%2F24&#038;date1=2022\">2022<\/a><\/li><li><a href=\"https:\/\/www.kinderf\u00f6rderverein-reitmehring.de\/?page_id=24&#038;rest_route=%2Fwp%2Fv2%2Fpages%2F24&#038;date1=2023\">2023<\/a><\/li><li><a href=\"https:\/\/www.kinderf\u00f6rderverein-reitmehring.de\/?page_id=24&#038;rest_route=%2Fwp%2Fv2%2Fpages%2F24&#038;date1=2024\">2024<\/a><\/li><li><a href=\"https:\/\/www.kinderf\u00f6rderverein-reitmehring.de\/?page_id=24&#038;rest_route=%2Fwp%2Fv2%2Fpages%2F24&#038;date1=2025\">2025<\/a><\/li><li><a href=\"https:\/\/www.kinderf\u00f6rderverein-reitmehring.de\/?page_id=24&#038;rest_route=%2Fwp%2Fv2%2Fpages%2F24&#038;date1=2026\">2026<\/a><\/li><\/ul>\n\t\t\t\t\t<\/div><\/div>\n\t\t\t\t<ul class=\"event-list-view\">\n\t\t\t \t<li class=\"event eltern familie\">\n\t\t\t\t\t<div class=\"event-date\"><div class=\"startdate\"><div class=\"event-weekday\">Sa.<\/div><div class=\"event-day\">18<\/div><div class=\"event-month\">Juli<\/div><div class=\"event-year\">2026<\/div><\/div><\/div>\n\t\t\t\t\t<div class=\"event-info single-day\"><div class=\"event-title\"><h3><a href=\"https:\/\/www.kinderf\u00f6rderverein-reitmehring.de\/?page_id=24&amp;rest_route=%2Fwp%2Fv2%2Fpages%2F24&amp;event_id1=763\">M\u00fcnchner Sommernachtstraum\u00a0<\/a><\/h3><\/div><span class=\"event-time\">15:00<\/span><span class=\"event-location\">Bahnhof Reitmehring<\/span><div class=\"event-content\"><h2 class=\"align-center\" style=\"text-align: left;\" align=\"right\">Wir organisieren eine Fahrt zum<\/h2>\n<h2 class=\"align-center\" style=\"text-align: left;\" align=\"right\"><strong>M\u00fcnchner Sommernachtstraum\u00a0<\/strong><\/h2>\n<h2 class=\"align-center\" style=\"text-align: left;\" align=\"right\">im M\u00fcnchner Olympiapark<\/h2>\n<p>&nbsp;<\/p>\n<h3><strong>Wann:<\/strong>am Samstag, 18.07.26<\/h3>\n<h3><strong>Abfahrt: <\/strong>15:00 Uhr in Reitmehring am Bahnho<strong>f\u00a0<\/strong>(Dauer von 16:00 \u2013 ca. 23:30 Uhr)<br \/>\n<strong>R\u00fcckkunft: <\/strong>ca. 0.30 Uhr wieder in Reitmehring<\/h3>\n<h3><strong>\u00a0<\/strong><\/h3>\n<h3><strong>Alter:\u00a0<\/strong>f\u00fcr Familien mit gr\u00f6\u00dferen Kindern und Jugendlichen (auch Jugendliche nicht ohne Begleitung eines Erziehungsberechtigten)<\/h3>\n<h3><strong>Kosten:<\/strong> bei Mitgliedern vom KiJu F\u00f6rderverein 26.- \u00a0(unter Vorbeihalt, solange Karten verf\u00fcgbar).<\/h3>\n<h3>Bei Nichtmitgliedern 51.- + 5.- Fahrtkosten<\/h3>\n<h3>(f\u00fcr Mitglieder \u00fcbernimmt der KiJu F\u00f6rderverein die Fahrtkosten f\u00fcr den Bus)<\/h3>\n<h3><strong>\u00a0<\/strong><\/h3>\n<h3><strong>Anmeldung: ab sofort, bis sp\u00e4testens 10. Februar<br \/>\n<\/strong><strong>bei Monika\u00a0<\/strong><strong>Hundseder\u00a0<\/strong><strong>(0176-47788263, gerne \u00fcber WhatsApp)<br \/>\n<\/strong>Mitglieder haben bei der Anmeldung Vorrang!<\/h3>\n<\/div><\/div>\n\t\t\t\t<\/li><\/ul>\n\t\t\t\t<\/div>\n","protected":false},"excerpt":{"rendered":"<p>Hier findet Ihr unsere ausserplanm\u00e4\u00dfigen Veranstaltungen. Kalender wurde zuletzt aktualisiert am:<\/p>\n","protected":false},"author":1,"featured_media":0,"parent":0,"menu_order":0,"comment_status":"closed","ping_status":"closed","template":"","meta":[],"_links":{"self":[{"href":"https:\/\/www.kinderf\u00f6rderverein-reitmehring.de\/index.php?rest_route=\/wp\/v2\/pages\/24"}],"collection":[{"href":"https:\/\/www.kinderf\u00f6rderverein-reitmehring.de\/index.php?rest_route=\/wp\/v2\/pages"}],"about":[{"href":"https:\/\/www.kinderf\u00f6rderverein-reitmehring.de\/index.php?rest_route=\/wp\/v2\/types\/page"}],"author":[{"embeddable":true,"href":"https:\/\/www.kinderf\u00f6rderverein-reitmehring.de\/index.php?rest_route=\/wp\/v2\/users\/1"}],"replies":[{"embeddable":true,"href":"https:\/\/www.kinderf\u00f6rderverein-reitmehring.de\/index.php?rest_route=%2Fwp%2Fv2%2Fcomments&post=24"}],"version-history":[{"count":17,"href":"https:\/\/www.kinderf\u00f6rderverein-reitmehring.de\/index.php?rest_route=\/wp\/v2\/pages\/24\/revisions"}],"predecessor-version":[{"id":676,"href":"https:\/\/www.kinderf\u00f6rderverein-reitmehring.de\/index.php?rest_route=\/wp\/v2\/pages\/24\/revisions\/676"}],"wp:attachment":[{"href":"https:\/\/www.kinderf\u00f6rderverein-reitmehring.de\/index.php?rest_route=%2Fwp%2Fv2%2Fmedia&parent=24"}],"curies":[{"name":"wp","href":"https:\/\/api.w.org\/{rel}","templated":true}]}}