{"id":27,"date":"2015-09-08T21:21:15","date_gmt":"2015-09-08T21:21:15","guid":{"rendered":"http:\/\/test.xn--kinderfrderverein-reitmehring-m5c.de\/?page_id=27"},"modified":"2026-01-22T07:11:01","modified_gmt":"2026-01-22T07:11:01","slug":"kontakt","status":"publish","type":"page","link":"https:\/\/www.kinderf\u00f6rderverein-reitmehring.de\/?page_id=27","title":{"rendered":"Kontakt"},"content":{"rendered":"<div id=\"pl-27\"  class=\"panel-layout\" >\n<div id=\"pg-27-0\"  class=\"panel-grid panel-no-style\"  data-style=\"{&quot;background_display&quot;:&quot;tile&quot;}\" >\n<div id=\"pgc-27-0-0\"  class=\"panel-grid-cell\"  data-weight=\"0.5\" >\n<div id=\"panel-27-0-0-0\" class=\"so-panel widget widget_sow-editor panel-first-child panel-last-child\" data-index=\"0\" data-style=\"{&quot;background_image_attachment&quot;:false,&quot;background_display&quot;:&quot;tile&quot;}\" >\n<div\n\t\t\t\n\t\t\tclass=\"so-widget-sow-editor so-widget-sow-editor-base\"\n\t\t\t\n\t\t><\/p>\n<div class=\"siteorigin-widget-tinymce textwidget\">\n<p style=\"text-align: center;\"><span style=\"color: #000000;\">Kinder- und Jugendf\u00f6rderverein Reitmehring e. V.<\/span><\/p>\n<p style=\"text-align: center;\"><span style=\"color: #000000;\">Ingrid Sihon, Erlenstrasse 20, 83512 Reitmehring,<\/span><\/p>\n<p style=\"text-align: center;\"><span style=\"color: #000000;\">Mail: post@kinderfoerderverein-reitmehring.de<\/span><\/p>\n<p style=\"text-align: center;\"><span style=\"color: #000000;\">Tel: 08071\/922647<\/span><\/p>\n<\/div>\n<\/div>\n<\/div>\n<\/div>\n<div id=\"pgc-27-0-1\"  class=\"panel-grid-cell\"  data-weight=\"0.5\" >\n<div id=\"panel-27-0-1-0\" class=\"so-panel widget widget_sow-editor panel-first-child panel-last-child\" data-index=\"1\" data-style=\"{&quot;background_image_attachment&quot;:false,&quot;background_display&quot;:&quot;tile&quot;}\" >\n<div\n\t\t\t\n\t\t\tclass=\"so-widget-sow-editor so-widget-sow-editor-base\"\n\t\t\t\n\t\t><\/p>\n<div class=\"siteorigin-widget-tinymce textwidget\">\n<p style=\"text-align: center;\"><strong>Pers\u00f6nliche Daten:<\/strong><\/p>\n<p style=\"text-align: center;\"><span style=\"color: #000000;\">Hier k\u00f6nnen Sie ihre pers\u00f6nlichen Daten \u00e4ndern: <\/span> <a title=\"\" target=\"_self\" class=\"ut-btn  red medium \" href=\"http:\/\/www.kinderf\u00f6rderverein-reitmehring.de\/?page_id=233\">Hier Klicken<\/a>\n<\/div>\n<\/div>\n<\/div>\n<\/div>\n<\/div>\n<\/div>\n","protected":false},"excerpt":{"rendered":"<p>Kinder- und Jugendf\u00f6rderverein Reitmehring e. V. Ingrid Sihon, Erlenstrasse 20, 83512 Reitmehring, Mail: post@kinderfoerderverein-reitmehring.de Tel: 08071\/922647 Pers\u00f6nliche Daten: Hier k\u00f6nnen Sie ihre pers\u00f6nlichen Daten \u00e4ndern:<\/p>\n","protected":false},"author":1,"featured_media":0,"parent":0,"menu_order":0,"comment_status":"closed","ping_status":"closed","template":"","meta":[],"_links":{"self":[{"href":"https:\/\/www.kinderf\u00f6rderverein-reitmehring.de\/index.php?rest_route=\/wp\/v2\/pages\/27"}],"collection":[{"href":"https:\/\/www.kinderf\u00f6rderverein-reitmehring.de\/index.php?rest_route=\/wp\/v2\/pages"}],"about":[{"href":"https:\/\/www.kinderf\u00f6rderverein-reitmehring.de\/index.php?rest_route=\/wp\/v2\/types\/page"}],"author":[{"embeddable":true,"href":"https:\/\/www.kinderf\u00f6rderverein-reitmehring.de\/index.php?rest_route=\/wp\/v2\/users\/1"}],"replies":[{"embeddable":true,"href":"https:\/\/www.kinderf\u00f6rderverein-reitmehring.de\/index.php?rest_route=%2Fwp%2Fv2%2Fcomments&post=27"}],"version-history":[{"count":14,"href":"https:\/\/www.kinderf\u00f6rderverein-reitmehring.de\/index.php?rest_route=\/wp\/v2\/pages\/27\/revisions"}],"predecessor-version":[{"id":766,"href":"https:\/\/www.kinderf\u00f6rderverein-reitmehring.de\/index.php?rest_route=\/wp\/v2\/pages\/27\/revisions\/766"}],"wp:attachment":[{"href":"https:\/\/www.kinderf\u00f6rderverein-reitmehring.de\/index.php?rest_route=%2Fwp%2Fv2%2Fmedia&parent=27"}],"curies":[{"name":"wp","href":"https:\/\/api.w.org\/{rel}","templated":true}]}}